{"id":38,"date":"2019-04-08T17:08:48","date_gmt":"2019-04-08T17:08:48","guid":{"rendered":"http:\/\/www.bungalow-zillertal.at\/?page_id=38"},"modified":"2023-12-08T08:12:00","modified_gmt":"2023-12-08T08:12:00","slug":"beschreibung-des-bungalows","status":"publish","type":"page","link":"https:\/\/www.bungalow-zillertal.at\/?page_id=38","title":{"rendered":"Beschreibung des Bungalows"},"content":{"rendered":"\n<p>Der Bungalow befindet sich mitten im Zillertal, ruhig gelegen am Ortsrand von Aschau, am Teichweg 3.<br>Er verf\u00fcgt \u00fcber ein Wohnzimmer und zwei Schlafzimmer (1 Schlafzimmer mit Doppelbett und 1 Schlafzimmer mit Doppelbett und Stockbett) und bietet gen\u00fcgend Platz f\u00fcr bis zu 6 Personen. Bei den Bildern ist u.a. ein Grundriss eingestellt, anhand dessen Sie sich eine Vorstellung von der Raumaufteilung machen k\u00f6nnen.<br>Im Wohnzimmer ist ein Sat-TV mit angeschlossenem Bluray-Player vorhanden. In der voll ausgestatteten K\u00fcche befinden sich Geschirrsp\u00fclmaschine, Mikrowelle, Backofen, Herd, K\u00fchlschrank, Filterkaffeemaschine, Wasserkocher etc.<br>Das Bad ist mit einer Dusche ausgestattet, ein F\u00f6n steht zur Verf\u00fcgung.<br>Im absperrbaren Skiraum ist ein Skischuhtrockner; dort ist auch gen\u00fcgend Platz, um Fahrr\u00e4der unterstellen zu k\u00f6nnen.<br>Die Terrasse bietet Blick in die Berge und l\u00e4dt bei sch\u00f6nem Wetter zur Benutzung von Tisch und Bank ein.<br><br>Direkt vor dem Bungalow befindet sich ein Parkplatz f\u00fcr ein Auto. \u00a0Ein weiterer Parkplatz f\u00fcr ein weiteres Auto ist 150m entfernt vorhanden.<br>Pro Person sind Bettw\u00e4sche, ein Duschtuch und ein Handtuch zur Benutzung inklusive. Des Weiteren stehen 2 Geschirrt\u00fccher zur Verf\u00fcgung.<br>Unsere G\u00e4ste k\u00f6nnen unser WLAN kostenfrei nutzen.<br><br>Haustiere sind leider nicht gestattet. Eine Waschmaschine ist nicht vorhanden.<br><br><\/p>\n\n\n\n<p><strong>Umgebung:<\/strong><br>Der Bahnhof Aschau ist nur 700 Meter vom Bungalow entfernt. Restaurants und ein Supermarkt sind fu\u00dfl\u00e4ufig in wenigen Minuten erreichbar. Beim Campingplatz Aufenfeld (ca. 1,4 km) befindet sich ein sch\u00f6nes Hallenbad sowie eine Kletterhalle.<\/p>\n\n\n\n<p><strong>Skifahren:<\/strong><br>Die beiden Skigebiete Hochzillertal und ZillertalArena sind jeweils mit einem Skibus erreichbar, die Skibushaltestellen sind&nbsp;weniger als 5 Gehminuten vom Bungalow entfernt (ca. 200 Meter). Des Weiteren befindet sich im Zillertal noch das Skigebiet Mayrhofen (ca. 15 Minuten mit dem Auto) sowie der Hintertuxer Gletscher (ca. 40 Minuten mit dem Auto) &#8211; das einzige ganzj\u00e4hrig ge\u00f6ffnete Skigebiet \u00d6sterreichs!<br><\/p>\n","protected":false},"excerpt":{"rendered":"<p>Der Bungalow befindet sich mitten im Zillertal, ruhig gelegen am Ortsrand von Aschau, am Teichweg 3.Er verf\u00fcgt \u00fcber ein Wohnzimmer [&hellip;]<\/p>\n","protected":false},"author":1,"featured_media":0,"parent":0,"menu_order":0,"comment_status":"closed","ping_status":"closed","template":"page-full.php","meta":[],"_links":{"self":[{"href":"https:\/\/www.bungalow-zillertal.at\/index.php?rest_route=\/wp\/v2\/pages\/38"}],"collection":[{"href":"https:\/\/www.bungalow-zillertal.at\/index.php?rest_route=\/wp\/v2\/pages"}],"about":[{"href":"https:\/\/www.bungalow-zillertal.at\/index.php?rest_route=\/wp\/v2\/types\/page"}],"author":[{"embeddable":true,"href":"https:\/\/www.bungalow-zillertal.at\/index.php?rest_route=\/wp\/v2\/users\/1"}],"replies":[{"embeddable":true,"href":"https:\/\/www.bungalow-zillertal.at\/index.php?rest_route=%2Fwp%2Fv2%2Fcomments&post=38"}],"version-history":[{"count":14,"href":"https:\/\/www.bungalow-zillertal.at\/index.php?rest_route=\/wp\/v2\/pages\/38\/revisions"}],"predecessor-version":[{"id":136,"href":"https:\/\/www.bungalow-zillertal.at\/index.php?rest_route=\/wp\/v2\/pages\/38\/revisions\/136"}],"wp:attachment":[{"href":"https:\/\/www.bungalow-zillertal.at\/index.php?rest_route=%2Fwp%2Fv2%2Fmedia&parent=38"}],"curies":[{"name":"wp","href":"https:\/\/api.w.org\/{rel}","templated":true}]}}