{"id":43,"date":"2019-04-08T17:15:18","date_gmt":"2019-04-08T17:15:18","guid":{"rendered":"http:\/\/www.bungalow-zillertal.at\/?page_id=43"},"modified":"2025-02-01T19:16:16","modified_gmt":"2025-02-01T19:16:16","slug":"preise","status":"publish","type":"page","link":"https:\/\/www.bungalow-zillertal.at\/?page_id=43","title":{"rendered":"Preise"},"content":{"rendered":"\n<p>Die Preise f\u00fcr unseren Bungalow variieren je nach Saison, Aufenthaltsdauer und Personenzahl. <\/p>\n\n\n\n<p>Wir vermieten \u00fcber Airbnb (Link: <a rel=\"noreferrer noopener\" href=\"https:\/\/airbnb.com\/h\/bungalow-zillertal\" target=\"_blank\">https:\/\/airbnb.com\/h\/bungalow-zillertal<\/a>), dort k\u00f6nnen die Preise je nach konkret gew\u00fcnschtem Buchungszeitraum sowie die aktuellen Verf\u00fcgbarkeiten im Kalender einfach angesehen werden.<br><br><\/p>\n","protected":false},"excerpt":{"rendered":"<p>Die Preise f\u00fcr unseren Bungalow variieren je nach Saison, Aufenthaltsdauer und Personenzahl. Wir vermieten \u00fcber Airbnb (Link: https:\/\/airbnb.com\/h\/bungalow-zillertal), dort k\u00f6nnen [&hellip;]<\/p>\n","protected":false},"author":1,"featured_media":0,"parent":0,"menu_order":0,"comment_status":"closed","ping_status":"closed","template":"page-full.php","meta":[],"_links":{"self":[{"href":"https:\/\/www.bungalow-zillertal.at\/index.php?rest_route=\/wp\/v2\/pages\/43"}],"collection":[{"href":"https:\/\/www.bungalow-zillertal.at\/index.php?rest_route=\/wp\/v2\/pages"}],"about":[{"href":"https:\/\/www.bungalow-zillertal.at\/index.php?rest_route=\/wp\/v2\/types\/page"}],"author":[{"embeddable":true,"href":"https:\/\/www.bungalow-zillertal.at\/index.php?rest_route=\/wp\/v2\/users\/1"}],"replies":[{"embeddable":true,"href":"https:\/\/www.bungalow-zillertal.at\/index.php?rest_route=%2Fwp%2Fv2%2Fcomments&post=43"}],"version-history":[{"count":14,"href":"https:\/\/www.bungalow-zillertal.at\/index.php?rest_route=\/wp\/v2\/pages\/43\/revisions"}],"predecessor-version":[{"id":139,"href":"https:\/\/www.bungalow-zillertal.at\/index.php?rest_route=\/wp\/v2\/pages\/43\/revisions\/139"}],"wp:attachment":[{"href":"https:\/\/www.bungalow-zillertal.at\/index.php?rest_route=%2Fwp%2Fv2%2Fmedia&parent=43"}],"curies":[{"name":"wp","href":"https:\/\/api.w.org\/{rel}","templated":true}]}}